{"id":1722,"date":"2024-03-19T13:57:48","date_gmt":"2024-03-19T12:57:48","guid":{"rendered":"https:\/\/www.ofdb.de\/filmworks\/?page_id=1722"},"modified":"2025-06-06T17:29:59","modified_gmt":"2025-06-06T15:29:59","slug":"prophecy-die-prophezeiung","status":"publish","type":"page","link":"https:\/\/www.ofdb.de\/filmworks\/prophecy-die-prophezeiung\/","title":{"rendered":"Prophecy &#8211; Die Prophezeiung"},"content":{"rendered":"\n<p><strong>2-Disc Limited Collector\u2019s Edition<\/strong><br><strong>1 Blu-ray + 1 DVD<\/strong><\/p>\n\n\n\n<p>*** Deutsche Blu-ray-Premiere *** restauriertes Bildmaterial ***<\/p>\n\n\n\n<p>Mediabook Cover A (US-Poster), limitiert und nummeriert auf 444 Exemplare <br>Mediabook Cover B (Artwork von Timo W\u00fcrz), limitiert und nummeriert auf 299 Exemplare<br>Mediabook Cover C (Artwork von Christopher Reuter), limitiert und nummeriert auf 166 Exemplare<br>Mediabook Cover W (wattiert), limitiert und nummeriert auf 250 Exemplare<\/p>\n\n\n\n<p><strong>V\u00d6-Termin<\/strong><\/p>\n\n\n\n<p>Leih: n\/a<br>Kauf (Mediabook A-C): 10.07.2024<br>Kauf (Mediabook W): 10.07.2025<\/p>\n\n\n\n<p><strong>Ausstattung<\/strong><\/p>\n\n\n\n<figure class=\"wp-block-table\"><table><tbody><tr><td>Freigabe:<\/td><td>FSK ab 16<\/td><\/tr><tr><td>Laufzeit Film:<\/td><td>Blu-ray: 102 Min.<br>DVD: 98 Min.<\/td><\/tr><tr><td>Regionalcode:<\/td><td>Blu-ray: B<br>DVD: 2<\/td><\/tr><tr><td>Bildformat:<\/td><td>Blu-ray: 2,35:1 (1080p)<br>DVD: 2,35:1 (16:9)<\/td><\/tr><tr><td>Tonformat:<\/td><td>Blu-ray: Deutsch (Linear PCM 2.0 Mono), Englisch (Linear PCM 2.0 Mono)<br>DVD: Deutsch (Dolby Digital 2.0 Mono), Englisch (Dolby Digital 2.0 Mono)<\/td><\/tr><tr><td>Untertitel:<\/td><td>Deutsch, Englisch<\/td><\/tr><tr><td>EAN:<\/td><td>Cover A: 4250899912052<br>Cover B: 4250899912069<br>Cover C: 4250899912076<br>Cover W: 4250899912083<\/td><\/tr><\/tbody><\/table><\/figure>\n\n\n\n<p><strong>Extras<\/strong>:<\/p>\n\n\n\n<ul class=\"wp-block-list\">\n<li>Truth and Fiction: Drehbuchautor David Seltzer<\/li>\n\n\n\n<li>Kathahdin Speaks: Pantomime Tom McLoughlin<\/li>\n\n\n\n<li>Originaltrailer<\/li>\n\n\n\n<li>TV-Spot<\/li>\n\n\n\n<li>Radio-Spots<\/li>\n\n\n\n<li>20-seitiges Booklet mit einem Text von Stefan Jung<\/li>\n<\/ul>\n\n\n\n<p><strong>Inhaltsangabe<\/strong><\/p>\n\n\n\n<p>Dr. Robert Verne (Robert Foxworth, DAS OMEN II) und seine Frau Maggie (Talia Shire, ROCKY) untersuchen auf Bitten eines Freundes die negativen Auswirkungen einer \u00f6rtlichen Papierfabrik in Maine auf das lokale \u00d6kosystem. Dabei entdecken sie eine Reihe schrecklicher Vorkommnisse: Missgeburten in der Tierwelt und unerkl\u00e4rliche Todesf\u00e4lle unter der Bev\u00f6lkerung.<\/p>\n\n\n\n<p><strong>Abbildungen<\/strong><\/p>\n\n\n\n<p>Cover A (US-Poster)<br>mit Spotlack-Veredelung<\/p>\n\n\n\n<figure class=\"wp-block-gallery has-nested-images columns-default is-cropped wp-block-gallery-1 is-layout-flex wp-block-gallery-is-layout-flex\">\n<figure class=\"wp-block-image\"><a href=\"https:\/\/www.ofdb.de\/filmworks\/wp-content\/uploads\/2024\/03\/ProphecyA__3D.jpg\"><img loading=\"lazy\" decoding=\"async\" width=\"730\" height=\"1024\" data-id=\"1723\" src=\"https:\/\/www.ofdb.de\/filmworks\/wp-content\/uploads\/2024\/03\/ProphecyA__3D-730x1024.jpg\" alt=\"\" class=\"wp-image-1723\" srcset=\"https:\/\/www.ofdb.de\/filmworks\/wp-content\/uploads\/2024\/03\/ProphecyA__3D-730x1024.jpg 730w, https:\/\/www.ofdb.de\/filmworks\/wp-content\/uploads\/2024\/03\/ProphecyA__3D-214x300.jpg 214w, https:\/\/www.ofdb.de\/filmworks\/wp-content\/uploads\/2024\/03\/ProphecyA__3D-768x1077.jpg 768w, https:\/\/www.ofdb.de\/filmworks\/wp-content\/uploads\/2024\/03\/ProphecyA__3D-100x140.jpg 100w, https:\/\/www.ofdb.de\/filmworks\/wp-content\/uploads\/2024\/03\/ProphecyA__3D-150x210.jpg 150w, https:\/\/www.ofdb.de\/filmworks\/wp-content\/uploads\/2024\/03\/ProphecyA__3D-200x280.jpg 200w, https:\/\/www.ofdb.de\/filmworks\/wp-content\/uploads\/2024\/03\/ProphecyA__3D-300x421.jpg 300w, https:\/\/www.ofdb.de\/filmworks\/wp-content\/uploads\/2024\/03\/ProphecyA__3D-450x631.jpg 450w, https:\/\/www.ofdb.de\/filmworks\/wp-content\/uploads\/2024\/03\/ProphecyA__3D-600x841.jpg 600w, https:\/\/www.ofdb.de\/filmworks\/wp-content\/uploads\/2024\/03\/ProphecyA__3D-900x1262.jpg 900w\" sizes=\"auto, (max-width: 730px) 100vw, 730px\" \/><\/a><\/figure>\n\n\n\n<figure class=\"wp-block-image\"><a href=\"https:\/\/www.ofdb.de\/filmworks\/wp-content\/uploads\/2024\/03\/ProphecyA__2D.jpg\"><img loading=\"lazy\" decoding=\"async\" width=\"750\" height=\"1024\" data-id=\"1724\" src=\"https:\/\/www.ofdb.de\/filmworks\/wp-content\/uploads\/2024\/03\/ProphecyA__2D-750x1024.jpg\" alt=\"\" class=\"wp-image-1724\" srcset=\"https:\/\/www.ofdb.de\/filmworks\/wp-content\/uploads\/2024\/03\/ProphecyA__2D-750x1024.jpg 750w, https:\/\/www.ofdb.de\/filmworks\/wp-content\/uploads\/2024\/03\/ProphecyA__2D-220x300.jpg 220w, https:\/\/www.ofdb.de\/filmworks\/wp-content\/uploads\/2024\/03\/ProphecyA__2D-768x1049.jpg 768w, https:\/\/www.ofdb.de\/filmworks\/wp-content\/uploads\/2024\/03\/ProphecyA__2D-100x137.jpg 100w, https:\/\/www.ofdb.de\/filmworks\/wp-content\/uploads\/2024\/03\/ProphecyA__2D-150x205.jpg 150w, https:\/\/www.ofdb.de\/filmworks\/wp-content\/uploads\/2024\/03\/ProphecyA__2D-200x273.jpg 200w, https:\/\/www.ofdb.de\/filmworks\/wp-content\/uploads\/2024\/03\/ProphecyA__2D-300x410.jpg 300w, https:\/\/www.ofdb.de\/filmworks\/wp-content\/uploads\/2024\/03\/ProphecyA__2D-450x615.jpg 450w, https:\/\/www.ofdb.de\/filmworks\/wp-content\/uploads\/2024\/03\/ProphecyA__2D-600x820.jpg 600w, https:\/\/www.ofdb.de\/filmworks\/wp-content\/uploads\/2024\/03\/ProphecyA__2D-900x1230.jpg 900w, https:\/\/www.ofdb.de\/filmworks\/wp-content\/uploads\/2024\/03\/ProphecyA__2D.jpg 1677w\" sizes=\"auto, (max-width: 750px) 100vw, 750px\" \/><\/a><\/figure>\n<\/figure>\n\n\n\n<p>Cover B (Artwork von Timo W\u00fcrz)<br>mit Spotlack-Veredelung<\/p>\n\n\n\n<figure class=\"wp-block-gallery has-nested-images columns-default is-cropped wp-block-gallery-2 is-layout-flex wp-block-gallery-is-layout-flex\">\n<figure class=\"wp-block-image\"><a href=\"https:\/\/www.ofdb.de\/filmworks\/wp-content\/uploads\/2024\/03\/ProphecyB__3D.jpg\"><img loading=\"lazy\" decoding=\"async\" width=\"730\" height=\"1024\" data-id=\"1725\" src=\"https:\/\/www.ofdb.de\/filmworks\/wp-content\/uploads\/2024\/03\/ProphecyB__3D-730x1024.jpg\" alt=\"\" class=\"wp-image-1725\" srcset=\"https:\/\/www.ofdb.de\/filmworks\/wp-content\/uploads\/2024\/03\/ProphecyB__3D-730x1024.jpg 730w, https:\/\/www.ofdb.de\/filmworks\/wp-content\/uploads\/2024\/03\/ProphecyB__3D-214x300.jpg 214w, https:\/\/www.ofdb.de\/filmworks\/wp-content\/uploads\/2024\/03\/ProphecyB__3D-768x1077.jpg 768w, https:\/\/www.ofdb.de\/filmworks\/wp-content\/uploads\/2024\/03\/ProphecyB__3D-100x140.jpg 100w, https:\/\/www.ofdb.de\/filmworks\/wp-content\/uploads\/2024\/03\/ProphecyB__3D-150x210.jpg 150w, https:\/\/www.ofdb.de\/filmworks\/wp-content\/uploads\/2024\/03\/ProphecyB__3D-200x280.jpg 200w, https:\/\/www.ofdb.de\/filmworks\/wp-content\/uploads\/2024\/03\/ProphecyB__3D-300x421.jpg 300w, https:\/\/www.ofdb.de\/filmworks\/wp-content\/uploads\/2024\/03\/ProphecyB__3D-450x631.jpg 450w, https:\/\/www.ofdb.de\/filmworks\/wp-content\/uploads\/2024\/03\/ProphecyB__3D-600x841.jpg 600w, https:\/\/www.ofdb.de\/filmworks\/wp-content\/uploads\/2024\/03\/ProphecyB__3D-900x1262.jpg 900w\" sizes=\"auto, (max-width: 730px) 100vw, 730px\" \/><\/a><\/figure>\n\n\n\n<figure class=\"wp-block-image\"><a href=\"https:\/\/www.ofdb.de\/filmworks\/wp-content\/uploads\/2024\/03\/ProphecyB__2D.jpg\"><img loading=\"lazy\" decoding=\"async\" width=\"750\" height=\"1024\" data-id=\"1726\" src=\"https:\/\/www.ofdb.de\/filmworks\/wp-content\/uploads\/2024\/03\/ProphecyB__2D-750x1024.jpg\" alt=\"\" class=\"wp-image-1726\" srcset=\"https:\/\/www.ofdb.de\/filmworks\/wp-content\/uploads\/2024\/03\/ProphecyB__2D-750x1024.jpg 750w, https:\/\/www.ofdb.de\/filmworks\/wp-content\/uploads\/2024\/03\/ProphecyB__2D-220x300.jpg 220w, https:\/\/www.ofdb.de\/filmworks\/wp-content\/uploads\/2024\/03\/ProphecyB__2D-768x1049.jpg 768w, https:\/\/www.ofdb.de\/filmworks\/wp-content\/uploads\/2024\/03\/ProphecyB__2D-100x137.jpg 100w, https:\/\/www.ofdb.de\/filmworks\/wp-content\/uploads\/2024\/03\/ProphecyB__2D-150x205.jpg 150w, https:\/\/www.ofdb.de\/filmworks\/wp-content\/uploads\/2024\/03\/ProphecyB__2D-200x273.jpg 200w, https:\/\/www.ofdb.de\/filmworks\/wp-content\/uploads\/2024\/03\/ProphecyB__2D-300x410.jpg 300w, https:\/\/www.ofdb.de\/filmworks\/wp-content\/uploads\/2024\/03\/ProphecyB__2D-450x615.jpg 450w, https:\/\/www.ofdb.de\/filmworks\/wp-content\/uploads\/2024\/03\/ProphecyB__2D-600x820.jpg 600w, https:\/\/www.ofdb.de\/filmworks\/wp-content\/uploads\/2024\/03\/ProphecyB__2D-900x1230.jpg 900w, https:\/\/www.ofdb.de\/filmworks\/wp-content\/uploads\/2024\/03\/ProphecyB__2D.jpg 1677w\" sizes=\"auto, (max-width: 750px) 100vw, 750px\" \/><\/a><\/figure>\n<\/figure>\n\n\n\n<p>Cover C (Artwork von Christopher Reuter)<br>mit Spotlack-Veredelung und Hei\u00dffolienpr\u00e4gung<\/p>\n\n\n\n<figure class=\"wp-block-gallery has-nested-images columns-default is-cropped wp-block-gallery-3 is-layout-flex wp-block-gallery-is-layout-flex\">\n<figure class=\"wp-block-image\"><a href=\"https:\/\/www.ofdb.de\/filmworks\/wp-content\/uploads\/2024\/03\/ProphecyC__3D.jpg\"><img loading=\"lazy\" decoding=\"async\" width=\"730\" height=\"1024\" data-id=\"1727\" src=\"https:\/\/www.ofdb.de\/filmworks\/wp-content\/uploads\/2024\/03\/ProphecyC__3D-730x1024.jpg\" alt=\"\" class=\"wp-image-1727\" srcset=\"https:\/\/www.ofdb.de\/filmworks\/wp-content\/uploads\/2024\/03\/ProphecyC__3D-730x1024.jpg 730w, https:\/\/www.ofdb.de\/filmworks\/wp-content\/uploads\/2024\/03\/ProphecyC__3D-214x300.jpg 214w, https:\/\/www.ofdb.de\/filmworks\/wp-content\/uploads\/2024\/03\/ProphecyC__3D-768x1077.jpg 768w, https:\/\/www.ofdb.de\/filmworks\/wp-content\/uploads\/2024\/03\/ProphecyC__3D-100x140.jpg 100w, https:\/\/www.ofdb.de\/filmworks\/wp-content\/uploads\/2024\/03\/ProphecyC__3D-150x210.jpg 150w, https:\/\/www.ofdb.de\/filmworks\/wp-content\/uploads\/2024\/03\/ProphecyC__3D-200x280.jpg 200w, https:\/\/www.ofdb.de\/filmworks\/wp-content\/uploads\/2024\/03\/ProphecyC__3D-300x421.jpg 300w, https:\/\/www.ofdb.de\/filmworks\/wp-content\/uploads\/2024\/03\/ProphecyC__3D-450x631.jpg 450w, https:\/\/www.ofdb.de\/filmworks\/wp-content\/uploads\/2024\/03\/ProphecyC__3D-600x841.jpg 600w, https:\/\/www.ofdb.de\/filmworks\/wp-content\/uploads\/2024\/03\/ProphecyC__3D-900x1262.jpg 900w\" sizes=\"auto, (max-width: 730px) 100vw, 730px\" \/><\/a><\/figure>\n\n\n\n<figure class=\"wp-block-image\"><a href=\"https:\/\/www.ofdb.de\/filmworks\/wp-content\/uploads\/2024\/03\/ProphecyC__2D.jpg\"><img loading=\"lazy\" decoding=\"async\" width=\"750\" height=\"1024\" data-id=\"1728\" src=\"https:\/\/www.ofdb.de\/filmworks\/wp-content\/uploads\/2024\/03\/ProphecyC__2D-750x1024.jpg\" alt=\"\" class=\"wp-image-1728\" srcset=\"https:\/\/www.ofdb.de\/filmworks\/wp-content\/uploads\/2024\/03\/ProphecyC__2D-750x1024.jpg 750w, https:\/\/www.ofdb.de\/filmworks\/wp-content\/uploads\/2024\/03\/ProphecyC__2D-220x300.jpg 220w, https:\/\/www.ofdb.de\/filmworks\/wp-content\/uploads\/2024\/03\/ProphecyC__2D-768x1049.jpg 768w, https:\/\/www.ofdb.de\/filmworks\/wp-content\/uploads\/2024\/03\/ProphecyC__2D-100x137.jpg 100w, https:\/\/www.ofdb.de\/filmworks\/wp-content\/uploads\/2024\/03\/ProphecyC__2D-150x205.jpg 150w, https:\/\/www.ofdb.de\/filmworks\/wp-content\/uploads\/2024\/03\/ProphecyC__2D-200x273.jpg 200w, https:\/\/www.ofdb.de\/filmworks\/wp-content\/uploads\/2024\/03\/ProphecyC__2D-300x410.jpg 300w, https:\/\/www.ofdb.de\/filmworks\/wp-content\/uploads\/2024\/03\/ProphecyC__2D-450x615.jpg 450w, https:\/\/www.ofdb.de\/filmworks\/wp-content\/uploads\/2024\/03\/ProphecyC__2D-600x820.jpg 600w, https:\/\/www.ofdb.de\/filmworks\/wp-content\/uploads\/2024\/03\/ProphecyC__2D-900x1230.jpg 900w, https:\/\/www.ofdb.de\/filmworks\/wp-content\/uploads\/2024\/03\/ProphecyC__2D.jpg 1677w\" sizes=\"auto, (max-width: 750px) 100vw, 750px\" \/><\/a><\/figure>\n<\/figure>\n\n\n\n<p>Cover W (wattiert)<br>mit Spotlack-Veredelung<\/p>\n\n\n\n<figure class=\"wp-block-gallery has-nested-images columns-default is-cropped wp-block-gallery-4 is-layout-flex wp-block-gallery-is-layout-flex\">\n<figure class=\"wp-block-image size-large\"><a href=\"https:\/\/www.ofdb.de\/filmworks\/wp-content\/uploads\/2025\/06\/Prophecy_CoverW_3D-scaled.jpg\"><img loading=\"lazy\" decoding=\"async\" width=\"864\" height=\"1024\" data-id=\"1809\" src=\"https:\/\/www.ofdb.de\/filmworks\/wp-content\/uploads\/2025\/06\/Prophecy_CoverW_3D-864x1024.jpg\" alt=\"\" class=\"wp-image-1809\" srcset=\"https:\/\/www.ofdb.de\/filmworks\/wp-content\/uploads\/2025\/06\/Prophecy_CoverW_3D-864x1024.jpg 864w, https:\/\/www.ofdb.de\/filmworks\/wp-content\/uploads\/2025\/06\/Prophecy_CoverW_3D-253x300.jpg 253w, https:\/\/www.ofdb.de\/filmworks\/wp-content\/uploads\/2025\/06\/Prophecy_CoverW_3D-768x910.jpg 768w, https:\/\/www.ofdb.de\/filmworks\/wp-content\/uploads\/2025\/06\/Prophecy_CoverW_3D-1296x1536.jpg 1296w, https:\/\/www.ofdb.de\/filmworks\/wp-content\/uploads\/2025\/06\/Prophecy_CoverW_3D-1728x2048.jpg 1728w, https:\/\/www.ofdb.de\/filmworks\/wp-content\/uploads\/2025\/06\/Prophecy_CoverW_3D-100x118.jpg 100w, https:\/\/www.ofdb.de\/filmworks\/wp-content\/uploads\/2025\/06\/Prophecy_CoverW_3D-150x178.jpg 150w, https:\/\/www.ofdb.de\/filmworks\/wp-content\/uploads\/2025\/06\/Prophecy_CoverW_3D-200x237.jpg 200w, https:\/\/www.ofdb.de\/filmworks\/wp-content\/uploads\/2025\/06\/Prophecy_CoverW_3D-300x355.jpg 300w, https:\/\/www.ofdb.de\/filmworks\/wp-content\/uploads\/2025\/06\/Prophecy_CoverW_3D-450x533.jpg 450w, https:\/\/www.ofdb.de\/filmworks\/wp-content\/uploads\/2025\/06\/Prophecy_CoverW_3D-600x711.jpg 600w, https:\/\/www.ofdb.de\/filmworks\/wp-content\/uploads\/2025\/06\/Prophecy_CoverW_3D-900x1066.jpg 900w\" sizes=\"auto, (max-width: 864px) 100vw, 864px\" \/><\/a><\/figure>\n\n\n\n<figure class=\"wp-block-image size-large\"><a href=\"https:\/\/www.ofdb.de\/filmworks\/wp-content\/uploads\/2025\/06\/Prophecy_CoverW_2D.jpg\"><img loading=\"lazy\" decoding=\"async\" width=\"755\" height=\"1024\" data-id=\"1807\" src=\"https:\/\/www.ofdb.de\/filmworks\/wp-content\/uploads\/2025\/06\/Prophecy_CoverW_2D-755x1024.jpg\" alt=\"\" class=\"wp-image-1807\" srcset=\"https:\/\/www.ofdb.de\/filmworks\/wp-content\/uploads\/2025\/06\/Prophecy_CoverW_2D-755x1024.jpg 755w, https:\/\/www.ofdb.de\/filmworks\/wp-content\/uploads\/2025\/06\/Prophecy_CoverW_2D-221x300.jpg 221w, https:\/\/www.ofdb.de\/filmworks\/wp-content\/uploads\/2025\/06\/Prophecy_CoverW_2D-768x1042.jpg 768w, https:\/\/www.ofdb.de\/filmworks\/wp-content\/uploads\/2025\/06\/Prophecy_CoverW_2D-1132x1536.jpg 1132w, https:\/\/www.ofdb.de\/filmworks\/wp-content\/uploads\/2025\/06\/Prophecy_CoverW_2D-1510x2048.jpg 1510w, https:\/\/www.ofdb.de\/filmworks\/wp-content\/uploads\/2025\/06\/Prophecy_CoverW_2D-100x136.jpg 100w, https:\/\/www.ofdb.de\/filmworks\/wp-content\/uploads\/2025\/06\/Prophecy_CoverW_2D-150x203.jpg 150w, https:\/\/www.ofdb.de\/filmworks\/wp-content\/uploads\/2025\/06\/Prophecy_CoverW_2D-200x271.jpg 200w, https:\/\/www.ofdb.de\/filmworks\/wp-content\/uploads\/2025\/06\/Prophecy_CoverW_2D-300x407.jpg 300w, https:\/\/www.ofdb.de\/filmworks\/wp-content\/uploads\/2025\/06\/Prophecy_CoverW_2D-450x610.jpg 450w, https:\/\/www.ofdb.de\/filmworks\/wp-content\/uploads\/2025\/06\/Prophecy_CoverW_2D-600x814.jpg 600w, https:\/\/www.ofdb.de\/filmworks\/wp-content\/uploads\/2025\/06\/Prophecy_CoverW_2D-900x1221.jpg 900w, https:\/\/www.ofdb.de\/filmworks\/wp-content\/uploads\/2025\/06\/Prophecy_CoverW_2D.jpg 1663w\" sizes=\"auto, (max-width: 755px) 100vw, 755px\" \/><\/a><\/figure>\n\n\n\n<figure class=\"wp-block-image size-large\"><a href=\"https:\/\/www.ofdb.de\/filmworks\/wp-content\/uploads\/2025\/06\/Prophecy_CoverW_2D_oFSK.jpg\"><img loading=\"lazy\" decoding=\"async\" width=\"755\" height=\"1024\" data-id=\"1808\" src=\"https:\/\/www.ofdb.de\/filmworks\/wp-content\/uploads\/2025\/06\/Prophecy_CoverW_2D_oFSK-755x1024.jpg\" alt=\"\" class=\"wp-image-1808\" srcset=\"https:\/\/www.ofdb.de\/filmworks\/wp-content\/uploads\/2025\/06\/Prophecy_CoverW_2D_oFSK-755x1024.jpg 755w, https:\/\/www.ofdb.de\/filmworks\/wp-content\/uploads\/2025\/06\/Prophecy_CoverW_2D_oFSK-221x300.jpg 221w, https:\/\/www.ofdb.de\/filmworks\/wp-content\/uploads\/2025\/06\/Prophecy_CoverW_2D_oFSK-768x1042.jpg 768w, https:\/\/www.ofdb.de\/filmworks\/wp-content\/uploads\/2025\/06\/Prophecy_CoverW_2D_oFSK-1132x1536.jpg 1132w, https:\/\/www.ofdb.de\/filmworks\/wp-content\/uploads\/2025\/06\/Prophecy_CoverW_2D_oFSK-1510x2048.jpg 1510w, https:\/\/www.ofdb.de\/filmworks\/wp-content\/uploads\/2025\/06\/Prophecy_CoverW_2D_oFSK-100x136.jpg 100w, https:\/\/www.ofdb.de\/filmworks\/wp-content\/uploads\/2025\/06\/Prophecy_CoverW_2D_oFSK-150x203.jpg 150w, https:\/\/www.ofdb.de\/filmworks\/wp-content\/uploads\/2025\/06\/Prophecy_CoverW_2D_oFSK-200x271.jpg 200w, https:\/\/www.ofdb.de\/filmworks\/wp-content\/uploads\/2025\/06\/Prophecy_CoverW_2D_oFSK-300x407.jpg 300w, https:\/\/www.ofdb.de\/filmworks\/wp-content\/uploads\/2025\/06\/Prophecy_CoverW_2D_oFSK-450x610.jpg 450w, https:\/\/www.ofdb.de\/filmworks\/wp-content\/uploads\/2025\/06\/Prophecy_CoverW_2D_oFSK-600x814.jpg 600w, https:\/\/www.ofdb.de\/filmworks\/wp-content\/uploads\/2025\/06\/Prophecy_CoverW_2D_oFSK-900x1221.jpg 900w, https:\/\/www.ofdb.de\/filmworks\/wp-content\/uploads\/2025\/06\/Prophecy_CoverW_2D_oFSK.jpg 1663w\" sizes=\"auto, (max-width: 755px) 100vw, 755px\" \/><\/a><\/figure>\n<\/figure>\n\n\n\n<figure class=\"wp-block-image size-large\"><a href=\"https:\/\/www.ofdb.de\/filmworks\/wp-content\/uploads\/2025\/06\/Prophecy_CoverW_3D_oFSK-scaled.jpg\"><img loading=\"lazy\" decoding=\"async\" width=\"864\" height=\"1024\" src=\"https:\/\/www.ofdb.de\/filmworks\/wp-content\/uploads\/2025\/06\/Prophecy_CoverW_3D_oFSK-864x1024.jpg\" alt=\"\" class=\"wp-image-1810\" srcset=\"https:\/\/www.ofdb.de\/filmworks\/wp-content\/uploads\/2025\/06\/Prophecy_CoverW_3D_oFSK-864x1024.jpg 864w, https:\/\/www.ofdb.de\/filmworks\/wp-content\/uploads\/2025\/06\/Prophecy_CoverW_3D_oFSK-253x300.jpg 253w, https:\/\/www.ofdb.de\/filmworks\/wp-content\/uploads\/2025\/06\/Prophecy_CoverW_3D_oFSK-768x910.jpg 768w, https:\/\/www.ofdb.de\/filmworks\/wp-content\/uploads\/2025\/06\/Prophecy_CoverW_3D_oFSK-1296x1536.jpg 1296w, https:\/\/www.ofdb.de\/filmworks\/wp-content\/uploads\/2025\/06\/Prophecy_CoverW_3D_oFSK-1728x2048.jpg 1728w, https:\/\/www.ofdb.de\/filmworks\/wp-content\/uploads\/2025\/06\/Prophecy_CoverW_3D_oFSK-100x118.jpg 100w, https:\/\/www.ofdb.de\/filmworks\/wp-content\/uploads\/2025\/06\/Prophecy_CoverW_3D_oFSK-150x178.jpg 150w, https:\/\/www.ofdb.de\/filmworks\/wp-content\/uploads\/2025\/06\/Prophecy_CoverW_3D_oFSK-200x237.jpg 200w, https:\/\/www.ofdb.de\/filmworks\/wp-content\/uploads\/2025\/06\/Prophecy_CoverW_3D_oFSK-300x355.jpg 300w, https:\/\/www.ofdb.de\/filmworks\/wp-content\/uploads\/2025\/06\/Prophecy_CoverW_3D_oFSK-450x533.jpg 450w, https:\/\/www.ofdb.de\/filmworks\/wp-content\/uploads\/2025\/06\/Prophecy_CoverW_3D_oFSK-600x711.jpg 600w, https:\/\/www.ofdb.de\/filmworks\/wp-content\/uploads\/2025\/06\/Prophecy_CoverW_3D_oFSK-900x1066.jpg 900w\" sizes=\"auto, (max-width: 864px) 100vw, 864px\" \/><\/a><\/figure>\n","protected":false},"excerpt":{"rendered":"<p>2-Disc Limited Collector\u2019s Edition1 Blu-ray + 1 DVD *** Deutsche Blu-ray-Premiere *** restauriertes Bildmaterial *** Mediabook Cover A (US-Poster), limitiert und nummeriert auf 444 Exemplare Mediabook Cover B (Artwork von Timo W\u00fcrz), limitiert und nummeriert auf 299 ExemplareMediabook Cover C &hellip;<\/p>\n<p class=\"read-more\"> <a class=\"more-link\" href=\"https:\/\/www.ofdb.de\/filmworks\/prophecy-die-prophezeiung\/\"> <span class=\"screen-reader-text\">Prophecy &#8211; Die Prophezeiung<\/span> Weiterlesen &raquo;<\/a><\/p>\n","protected":false},"author":2,"featured_media":0,"parent":0,"menu_order":0,"comment_status":"closed","ping_status":"closed","template":"","meta":{"footnotes":""},"class_list":["post-1722","page","type-page","status-publish","hentry"],"_links":{"self":[{"href":"https:\/\/www.ofdb.de\/filmworks\/wp-json\/wp\/v2\/pages\/1722","targetHints":{"allow":["GET"]}}],"collection":[{"href":"https:\/\/www.ofdb.de\/filmworks\/wp-json\/wp\/v2\/pages"}],"about":[{"href":"https:\/\/www.ofdb.de\/filmworks\/wp-json\/wp\/v2\/types\/page"}],"author":[{"embeddable":true,"href":"https:\/\/www.ofdb.de\/filmworks\/wp-json\/wp\/v2\/users\/2"}],"replies":[{"embeddable":true,"href":"https:\/\/www.ofdb.de\/filmworks\/wp-json\/wp\/v2\/comments?post=1722"}],"version-history":[{"count":11,"href":"https:\/\/www.ofdb.de\/filmworks\/wp-json\/wp\/v2\/pages\/1722\/revisions"}],"predecessor-version":[{"id":1811,"href":"https:\/\/www.ofdb.de\/filmworks\/wp-json\/wp\/v2\/pages\/1722\/revisions\/1811"}],"wp:attachment":[{"href":"https:\/\/www.ofdb.de\/filmworks\/wp-json\/wp\/v2\/media?parent=1722"}],"curies":[{"name":"wp","href":"https:\/\/api.w.org\/{rel}","templated":true}]}}